{"id":8183,"date":"2020-02-24T16:00:48","date_gmt":"2020-02-24T15:00:48","guid":{"rendered":"http:\/\/www.isaevents.it\/privacy-policy\/"},"modified":"2021-08-04T11:36:48","modified_gmt":"2021-08-04T09:36:48","slug":"privacy-policy","status":"publish","type":"page","link":"https:\/\/www.isaevents.it\/en\/privacy-policy\/","title":{"rendered":"Privacy policy"},"content":{"rendered":"<div class=\"wpb-content-wrapper\"><p>[vc_row full_width=&#8221;stretch_row_content&#8221; css=&#8221;.vc_custom_1628069180493{padding-top: 80px !important;padding-bottom: 80px !important;}&#8221;][vc_column][vc_column_text]<\/p>\n<h1>Privacy policy<\/h1>\n<p><strong>I &#8211; INFORMAZIONI RELATIVE ALLA PRIVACY POLICY DEL SITO<\/strong><\/p>\n<ol>\n<li>In questa sezione sono contenute le informazioni relative alle modalit\u00e0 di gestione di Isaevents.it in riferimento al trattamento dei dati degli utenti di Isaevents.it.<\/li>\n<\/ol>\n<p>La presente informativa ha valore ai fini dell&#8217;articolo 13 del Regolamento UE n. 2016\/679 e alla normativa nazionale vigente in materia, relativo alla protezione delle persone fisiche con riguardo al trattamento dei dati personali nonch\u00e9 alla libera circolazione di tali dati, per i soggetti che interagiscono con Isaevents.it ed \u00e8 raggiungibile all&#8217;indirizzo corrispondente alla pagina iniziale: http:\/\/www.isaevents.it\/<\/p>\n<ol start=\"3\">\n<li>L&#8217;informativa \u00e8 resa solo per Isaevents.it e non anche per altri siti web eventualmente consultati dall&#8217;utente tramite link in esso contenuti.<\/li>\n<li>Scopo del presente documento \u00e8 fornire indicazioni circa le modalit\u00e0, i tempi e la natura delle informazioni che i titolari del trattamento devono fornire agli utenti al momento della connessione alle pagine web di Isaevents.it, indipendentemente dagli scopi del collegamento stesso, secondo la legislazione Italiana ed Europea.<\/li>\n<li>L&#8217;informativa pu\u00f2 subire modifiche a causa dell&#8217;introduzione di nuove norme al riguardo, si invita pertanto l&#8217;utente a controllare periodicamente la presente pagina.<\/li>\n<li>Se l&#8217;utente ha meno di 16 anni, ai sensi dell&#8217;art.8, c.1 regolamento UE 2016\/679, dovr\u00e0 legittimare il suo consenso attraverso l&#8217;autorizzazione dei genitori o di chi ne fa le veci.<\/li>\n<\/ol>\n<p><strong>II &#8211; TRATTAMENTO DEI DATI<\/strong><\/p>\n<p><strong>1 &#8211; Titolare dei Dati<\/strong><\/p>\n<ol>\n<li>Il titolare del trattamento \u00e8 la persona fisica o giuridica, l&#8217;autorit\u00e0 pubblica, il servizio o altro organismo che, singolarmente o insieme ad altri, determina le finalit\u00e0 e i mezzi del trattamento di dati personali. Si occupa anche dei profili sulla sicurezza.<\/li>\n<li>Relativamente al presente sito web il titolare del trattamento \u00e8: Annalisa Di Federico, e per ogni chiarimento o esercizio dei diritti dell&#8217;utente potr\u00e0 contattarlo al seguente indirizzo mail: info@isaevents.it<\/li>\n<\/ol>\n<p><strong>2 &#8211; Responsabile del trattamento dati<\/strong><\/p>\n<ol>\n<li>Il responsabile del trattamento \u00e8 la persona fisica o giuridica, l&#8217;autorit\u00e0 pubblica, il servizio o altro organismo che tratta dati personali per conto del titolare del trattamento.<\/li>\n<li>Ai sensi dell&#8217;articolo 28 del regolamento UE n. 2016\/679, su nomina del titolare dei dati, il responsabile del trattamento dei dati del sito Isaevents.it \u00e8: il titolare del trattamento.<\/li>\n<\/ol>\n<p><strong>3 &#8211; Luogo trattamento dati<\/strong><\/p>\n<ol>\n<li>Il trattamento dei dati generato dall\u2019utilizzo di Isaevents.it avviene presso via Trincea delle Frasche, 4 20832 Desio (MB).<\/li>\n<li>In caso di necessit\u00e0, i dati connessi al servizio newsletter possono essere trattati dal responsabile del trattamento o soggetti da esso incaricati a tal fine presso la relativa sede.<\/li>\n<\/ol>\n<p><strong>III &#8211; COOKIE<\/strong><\/p>\n<p>Fra i Dati Personali raccolti da questo Sito, in modo autonomo o tramite terze parti, ci sono: Cookie e Dati di utilizzo. L&#8217;eventuale utilizzo di Cookie o di altri strumenti di tracciamento da parte di Isaevents.it o dei titolari dei servizi terzi utilizzati da questo Sito, ove non diversamente precisato, ha la finalit\u00e0 di identificare l\u2019Utente e registrare le relative preferenze per finalit\u00e0 strettamente legate all&#8217;erogazione del servizio richiesto dall\u2019Utente.<\/p>\n<p>Per saperne di pi\u00f9 sui Cookie puoi leggere la nostra informativa sui Cookie.<\/p>\n<p><strong>IV \u2013 DATI TRATTATI<\/strong><\/p>\n<p><strong>1 \u2013 Modalit\u00e0 trattamento dati<\/strong><\/p>\n<ol>\n<li>Come tutti i siti web anche il presente sito fa uso di log files nei quali vengono conservate informazioni raccolte in maniera automatizzata durante le visite degli utenti. Le informazioni raccolte potrebbero essere le seguenti:<\/li>\n<\/ol>\n<ul>\n<li>indirizzo internet protocol (IP);<\/li>\n<li>tipo di browser e parametri del dispositivo usato per connettersi al sito;<\/li>\n<li>nome dell\u2019internet service provider (ISP);<\/li>\n<li>data e orario di visita;<\/li>\n<li>pagina web di provenienza del visitatore (referral) e di uscita;<\/li>\n<li>eventualmente il numero di click.<\/li>\n<\/ul>\n<ol start=\"2\">\n<li>Le suddette informazioni sono trattate in forma automatizzata e raccolte in forma esclusivamente aggregata al fine di verificare il corretto funzionamento del sito, e per motivi di sicurezza. Tali informazioni saranno trattate in base ai legittimi interessi del titolare.<\/li>\n<li>A fini di sicurezza (filtri antispam, firewall, rilevazione virus), i dati registrati automaticamente possono eventualmente comprendere anche dati personali come l\u2019indirizzo Ip, che potrebbe essere utilizzato, conformemente alle leggi vigenti in materia, al fine di bloccare tentativi di danneggiamento al sito medesimo o di recare danno ad altri utenti, o comunque attivit\u00e0 dannose o costituenti reato. Tali dati non sono mai utilizzati per l\u2019identificazione o la profilazione dell\u2019utente, ma solo a fini di tutela del sito e dei suoi utenti, tali informazioni saranno trattate in base ai legittimi interessi del titolare.<\/li>\n<li>Qualora il sito consenta l\u2019inserimento di commenti, oppure in caso di specifici servizi richiesti dall\u2019utente, ivi compresi la possibilit\u00e0 di inviare il Curriculum Vitae per un eventuale rapporto lavorativo, il sito rileva automaticamente e registra alcuni dati identificativi dell\u2019utente, compreso l\u2019indirizzo mail. Tali dati si intendono volontariamente forniti dall\u2019utente al momento della richiesta di erogazione del servizio. Inserendo un commento o altra informazione l\u2019utente accetta espressamente l\u2019informativa privacy, e in particolare acconsente che i contenuti inseriti siano liberamente diffusi anche a terzi. I dati ricevuti verranno utilizzati esclusivamente per l\u2019erogazione del servizio richiesto e per il solo tempo necessario per la fornitura del servizio.<\/li>\n<li>Le informazioni che gli utenti del sito riterranno di rendere pubbliche tramite i servizi e gli strumenti messi a disposizione degli stessi, sono fornite dall\u2019utente consapevolmente e volontariamente, esentando il presente sito da qualsiasi responsabilit\u00e0 in merito ad eventuali violazioni delle leggi. Spetta all\u2019utente verificare di avere i permessi per l\u2019immissione di dati personali di terzi o di contenuti tutelati dalle norme nazionali ed internazionali.<\/li>\n<\/ol>\n<p><strong>2 \u2013 Finalit\u00e0 del trattamento dati<\/strong><\/p>\n<ol>\n<li>I dati raccolti dal sito durante il suo funzionamento sono utilizzati esclusivamente per le finalit\u00e0 sopra indicate e conservati per il tempo strettamente necessario a svolgere le attivit\u00e0 precisate, e comunque non oltre 1 anno.<\/li>\n<li>I dati utilizzati a fini di sicurezza (blocco tentativi di danneggiamento del sito) sono conservati per il tempo strettamente necessario al raggiungimento del fine anteriormente indicato.<\/li>\n<\/ol>\n<p><strong>3 \u2013 Dati forniti dall\u2019utente<\/strong><\/p>\n<ol>\n<li>Come sopra indicato, l\u2019invio facoltativo, esplicito e volontario di posta elettronica agli indirizzi indicati su questo sito comporta la successiva acquisizione dell\u2019indirizzo del mittente, necessario per rispondere alle richieste, nonch\u00e9 degli eventuali altri dati personali inseriti nella missiva.<\/li>\n<li>Specifiche informative di sintesi verranno progressivamente riportate o visualizzate nelle pagine del sito predisposte per particolari servizi a richiesta.<\/li>\n<\/ol>\n<p><strong>4 \u2013 Supporto nella configurazione del proprio browser<\/strong><\/p>\n<ol>\n<li>L\u2019utente pu\u00ec gestire i cookie anche attraverso le impostazioni del suo browser. Tuttavia, cancellando i cookies dal browser potrebbe rimuovere le preferenze che ha impostato per il sito.<\/li>\n<li>Per ulteriori informazioni e supporto \u00e8 possibile anche visitare la pagina di aiuto specifica del web browser che si sta utilizzando:<\/li>\n<\/ol>\n<ul>\n<li>Internet Explorer: http:\/\/windows.microsoft.com\/en-us\/windows-vista\/block-or-allow-cookies<\/li>\n<li>Firefox: https:\/\/support.mozilla.org\/en-us\/kb\/enable-and-disable-cookies-website-preferences<\/li>\n<li>Safari: http:\/\/www.apple.com\/legal\/privacy\/it\/<\/li>\n<li>Chrome: https:\/\/support.google.com\/accounts\/answer\/61416?hl=it<\/li>\n<li>Opera: http:\/\/www.opera.com\/help\/tutorials\/security\/cookies\/<\/li>\n<\/ul>\n<p><strong>5 \u2013 Plugin Social Network<\/strong><\/p>\n<ol>\n<li>Il presente sito incorpora anche plugin e\/o bottoni per i social network, al fine di consentire una facile condivisione dei contenuti sui vostri social network preferiti. Tali plugin sono programmati in modo da non impostare alcun cookie all\u2019accesso della pagina, per salvaguardare la privacy degli utenti. Eventualmente i cookie vengono impostati, se cos\u00ec previsto dai social network, solo quando l\u2019utente fa effettivo e volontario uso del plugin. Si tenga presente che se l\u2019utente naviga essendo loggato nel social network allora ha gi\u00e0 acconsentito all\u2019uso dei cookie veicolati tramite questo sito al momento dell\u2019iscrizione al social network.<\/li>\n<li>La raccolta e l\u2019uso delle informazioni ottenute a mezzo del plugin sono regolati dalle rispettive informative privacy dei social network, alle quali si prega di fare riferimento:<\/li>\n<\/ol>\n<ul>\n<li>Facebook: https:\/\/www.facebook.com\/help\/cookies<\/li>\n<li>Twitter: https:\/\/support.twitter.com\/articles\/20170519-uso-dei-cookie-e-di-altre-tecnologie-simili-da-parte-di-twitter<\/li>\n<li>Google+:http:\/\/www.google.com\/policies\/technologies\/cookies<\/li>\n<li>Pinterest: https:\/\/about.pinterest.com\/it\/privacy-policy<\/li>\n<li>AddThis: http:\/\/www.addthis.com\/privacy\/privacy-policy<\/li>\n<li>Linkedin: https:\/\/www.linkedin.com\/legal\/cookie-policy<\/li>\n<\/ul>\n<ol>\n<li><strong> DIRITTI DELL&#8217;UTENTE<\/strong><\/li>\n<li>L&#8217;art. 13, c. 2 del Regolamento UE 2016\/679 elenca i diritti dell&#8217;utente.<\/li>\n<li>Isaevents.it intende pertanto informare l&#8217;utente sull&#8217;esistenza:<\/li>\n<\/ol>\n<ul>\n<li>del diritto dell&#8217;interessato di chiedere al titolare l&#8217;accesso ai dati personali (art. 15 Regolamento UE), il loro aggiornamento (art. 7, co. 3, lett. a) D.Lgs. 196\/2003), la rettifica (art. 16 Regolamento UE), l&#8217;integrazione (art. 7, co. 3, lett. a) D.Lgs. 196\/2003) o la limitazione del trattamento che lo riguardino (art. 18 Regolamento UE) o di opporsi, per motivi legittimi, al loro trattamento (art. 21 Regolamento UE), oltre al diritto alla portabilit\u00e0 dei dati (art. 20 Regolamento UE);<\/li>\n<li>del diritto di chiedere la cancellazione (art. 17 Regolamento UE), la trasformazione in forma anonima o il blocco dei dati trattati in violazione di legge, compresi quelli di cui non \u00e8 necessaria la conservazione in relazione agli scopi per i quali i dati sono stati raccolti o successivamente trattati (art. 7, co. 3, lett. b) D.Lgs. 196\/2003);<\/li>\n<li>del diritto di ottenere l&#8217;attestazione che le operazioni di aggiornamento, rettificazione, integrazione dei dati, cancellazione, blocco dei dati, trasformazione sono state portate a conoscenza, anche per quanto riguarda il loro contenuto, di coloro ai quali i dati sono stati comunicati o diffusi, eccettuato il caso in cui tale adempimento si rivela impossibile o comporta un impiego di mezzi manifestamente sproporzionato rispetto al diritto tutelato (art. 7, co. 3, lett. C) D.lgs. 196\/2003);<\/li>\n<li>3. Le richieste possono essere indirizzate al titolare del trattamento, senza formalit\u00e0 o, in alternativa, utilizzando il modello previsto dal Garante per la Protezione dei Dati Personali, o inviando una mail all&#8217;indirizzo: info@isaevents.it<\/li>\n<\/ul>\n<ol start=\"4\">\n<li>Parimenti, in caso di violazione della normativa, l\u2019utente ha il diritto di proporre reclamo presso il Garante per la Protezione dei Dati Personali, quale autorit\u00e0 preposta al controllo sul trattamento nello Stato Italiano.<\/li>\n<li>Per una disamina pi\u00f9 approfondita dei diritti che Le competono, si vedano gli artt. 15 e ss. del Regolamento UE 2016\/679 e il dlgs di armonizzazione nazionale.<\/li>\n<\/ol>\n<p><strong>VI \u2013 TRASFERIMENTO DATI A PAESI EXTRA UE<\/strong><\/p>\n<ol>\n<li>Il presente sito potrebbe condividere alcuni dei dati raccolti con servizi localizzati al di fuori dell&#8217;area dell&#8217;Unione Europea. In particolare con Google, Facebook e Microsoft (LinkedIn) tramite i social plugin e il servizio di Google Analytics. Il trasferimento \u00e8 autorizzato e strettamente regolato dall&#8217;articolo 45, comma 1 del Regolamento UE 2016\/679, per cui non occorre ulteriore consenso. Le aziende sopra menzionate garantiscono la propria adesione al Privacy Shield.<\/li>\n<li>Non verranno mai trasferiti dati a Paesi terzi che non rispettino le condizioni previste dall&#8217;articolo 45 e ss, del Regolamento UE.<\/li>\n<\/ol>\n<p><strong>VII. SICUREZZA DATI FORNITI<\/strong><\/p>\n<ol>\n<li>Il presente sito tratta i dati degli utenti in maniera lecita e corretta, adottando le opportune misure di sicurezza volte ad impedire accessi non autorizzati, divulgazione, modifica o distruzione non autorizzata dei dati. Il trattamento viene effettuato mediante strumenti informatici e\/o telematici, con modalit\u00e0 organizzative e con logiche strettamente correlate alle finalit\u00e0 indicate.<\/li>\n<li>Oltre al titolare, in alcuni casi, potrebbero avere accesso ai dati categorie di incaricati coinvolti nell&#8217;organizzazione del sito (personale amministrativo, commerciale, marketing, legali, amministratori di sistema) ovvero soggetti esterni (come fornitori di servizi tecnici terzi, corrieri postali, hosting provider, societ\u00e0 informatiche, agenzie di comunicazione).<\/li>\n<\/ol>\n<p><strong>VIII. MODIFICHE AL PRESENTE DOCUMENTO<\/strong><\/p>\n<ol>\n<li>Il presente documento costituisce la privacy policy di questo sito.<\/li>\n<li>Esso pu\u00f2 essere soggetto a modifiche o aggiornamenti. Si invitano gli utenti a consultare periodicamente la presente pagina per essere sempre aggiornati sulle ultime novit\u00e0 legislative.<\/li>\n<li>Il documento \u00e8 stato aggiornato in data 22\/01\/2019 per essere conforme alle disposizioni normative in materia, ed in particolare in conformit\u00e0 al Regolamento UE 2016\/679.<\/li>\n<\/ol>\n<p>[\/vc_column_text][\/vc_column][\/vc_row]<\/p>\n<\/div>","protected":false},"excerpt":{"rendered":"<p>[vc_row full_width=&#8221;stretch_row_content&#8221; css=&#8221;.vc_custom_1628069180493{padding-top: 80px !important;padding-bottom: 80px !important;}&#8221;][vc_column][vc_column_text] Privacy policy I &#8211; INFORMAZIONI RELATIVE ALLA PRIVACY POLICY DEL SITO In questa sezione sono contenute le informazioni relative alle modalit\u00e0 di gestione di Isaevents.it in riferimento al trattamento dei dati degli utenti di Isaevents.it. La presente informativa ha valore ai fini dell&#8217;articolo 13 del Regolamento UE n. &#8230;<\/p>\n","protected":false},"author":1,"featured_media":0,"parent":0,"menu_order":0,"comment_status":"closed","ping_status":"closed","template":"","meta":{"footnotes":""},"class_list":["post-8183","page","type-page","status-publish","hentry"],"yoast_head":"<!-- This site is optimized with the Yoast SEO plugin v26.7 - https:\/\/yoast.com\/wordpress\/plugins\/seo\/ -->\n<title>Privacy policy - Isa Events<\/title>\n<meta name=\"robots\" content=\"index, follow, max-snippet:-1, max-image-preview:large, max-video-preview:-1\" \/>\n<link rel=\"canonical\" href=\"https:\/\/www.isaevents.it\/en\/privacy-policy\/\" \/>\n<meta property=\"og:locale\" content=\"en_US\" \/>\n<meta property=\"og:type\" content=\"article\" \/>\n<meta property=\"og:title\" content=\"Privacy policy - Isa Events\" \/>\n<meta property=\"og:description\" content=\"[vc_row full_width=&#8221;stretch_row_content&#8221; css=&#8221;.vc_custom_1628069180493{padding-top: 80px !important;padding-bottom: 80px !important;}&#8221;][vc_column][vc_column_text] Privacy policy I &#8211; INFORMAZIONI RELATIVE ALLA PRIVACY POLICY DEL SITO In questa sezione sono contenute le informazioni relative alle modalit\u00e0 di gestione di Isaevents.it in riferimento al trattamento dei dati degli utenti di Isaevents.it. La presente informativa ha valore ai fini dell&#8217;articolo 13 del Regolamento UE n. ...\" \/>\n<meta property=\"og:url\" content=\"https:\/\/www.isaevents.it\/en\/privacy-policy\/\" \/>\n<meta property=\"og:site_name\" content=\"Isa Events\" \/>\n<meta property=\"article:modified_time\" content=\"2021-08-04T09:36:48+00:00\" \/>\n<meta name=\"twitter:card\" content=\"summary_large_image\" \/>\n<meta name=\"twitter:label1\" content=\"Est. reading time\" \/>\n\t<meta name=\"twitter:data1\" content=\"8 minutes\" \/>\n<script type=\"application\/ld+json\" class=\"yoast-schema-graph\">{\"@context\":\"https:\/\/schema.org\",\"@graph\":[{\"@type\":\"WebPage\",\"@id\":\"https:\/\/www.isaevents.it\/en\/privacy-policy\/\",\"url\":\"https:\/\/www.isaevents.it\/en\/privacy-policy\/\",\"name\":\"Privacy policy - Isa Events\",\"isPartOf\":{\"@id\":\"https:\/\/www.isaevents.it\/en\/#website\"},\"datePublished\":\"2020-02-24T15:00:48+00:00\",\"dateModified\":\"2021-08-04T09:36:48+00:00\",\"breadcrumb\":{\"@id\":\"https:\/\/www.isaevents.it\/en\/privacy-policy\/#breadcrumb\"},\"inLanguage\":\"en-US\",\"potentialAction\":[{\"@type\":\"ReadAction\",\"target\":[\"https:\/\/www.isaevents.it\/en\/privacy-policy\/\"]}]},{\"@type\":\"BreadcrumbList\",\"@id\":\"https:\/\/www.isaevents.it\/en\/privacy-policy\/#breadcrumb\",\"itemListElement\":[{\"@type\":\"ListItem\",\"position\":1,\"name\":\"Home\",\"item\":\"https:\/\/www.isaevents.it\/en\/\"},{\"@type\":\"ListItem\",\"position\":2,\"name\":\"Privacy policy\"}]},{\"@type\":\"WebSite\",\"@id\":\"https:\/\/www.isaevents.it\/en\/#website\",\"url\":\"https:\/\/www.isaevents.it\/en\/\",\"name\":\"Isa Events\",\"description\":\"Wedding planner Pescara\",\"potentialAction\":[{\"@type\":\"SearchAction\",\"target\":{\"@type\":\"EntryPoint\",\"urlTemplate\":\"https:\/\/www.isaevents.it\/en\/?s={search_term_string}\"},\"query-input\":{\"@type\":\"PropertyValueSpecification\",\"valueRequired\":true,\"valueName\":\"search_term_string\"}}],\"inLanguage\":\"en-US\"}]}<\/script>\n<!-- \/ Yoast SEO plugin. -->","yoast_head_json":{"title":"Privacy policy - Isa Events","robots":{"index":"index","follow":"follow","max-snippet":"max-snippet:-1","max-image-preview":"max-image-preview:large","max-video-preview":"max-video-preview:-1"},"canonical":"https:\/\/www.isaevents.it\/en\/privacy-policy\/","og_locale":"en_US","og_type":"article","og_title":"Privacy policy - Isa Events","og_description":"[vc_row full_width=&#8221;stretch_row_content&#8221; css=&#8221;.vc_custom_1628069180493{padding-top: 80px !important;padding-bottom: 80px !important;}&#8221;][vc_column][vc_column_text] Privacy policy I &#8211; INFORMAZIONI RELATIVE ALLA PRIVACY POLICY DEL SITO In questa sezione sono contenute le informazioni relative alle modalit\u00e0 di gestione di Isaevents.it in riferimento al trattamento dei dati degli utenti di Isaevents.it. La presente informativa ha valore ai fini dell&#8217;articolo 13 del Regolamento UE n. ...","og_url":"https:\/\/www.isaevents.it\/en\/privacy-policy\/","og_site_name":"Isa Events","article_modified_time":"2021-08-04T09:36:48+00:00","twitter_card":"summary_large_image","twitter_misc":{"Est. reading time":"8 minutes"},"schema":{"@context":"https:\/\/schema.org","@graph":[{"@type":"WebPage","@id":"https:\/\/www.isaevents.it\/en\/privacy-policy\/","url":"https:\/\/www.isaevents.it\/en\/privacy-policy\/","name":"Privacy policy - Isa Events","isPartOf":{"@id":"https:\/\/www.isaevents.it\/en\/#website"},"datePublished":"2020-02-24T15:00:48+00:00","dateModified":"2021-08-04T09:36:48+00:00","breadcrumb":{"@id":"https:\/\/www.isaevents.it\/en\/privacy-policy\/#breadcrumb"},"inLanguage":"en-US","potentialAction":[{"@type":"ReadAction","target":["https:\/\/www.isaevents.it\/en\/privacy-policy\/"]}]},{"@type":"BreadcrumbList","@id":"https:\/\/www.isaevents.it\/en\/privacy-policy\/#breadcrumb","itemListElement":[{"@type":"ListItem","position":1,"name":"Home","item":"https:\/\/www.isaevents.it\/en\/"},{"@type":"ListItem","position":2,"name":"Privacy policy"}]},{"@type":"WebSite","@id":"https:\/\/www.isaevents.it\/en\/#website","url":"https:\/\/www.isaevents.it\/en\/","name":"Isa Events","description":"Wedding planner Pescara","potentialAction":[{"@type":"SearchAction","target":{"@type":"EntryPoint","urlTemplate":"https:\/\/www.isaevents.it\/en\/?s={search_term_string}"},"query-input":{"@type":"PropertyValueSpecification","valueRequired":true,"valueName":"search_term_string"}}],"inLanguage":"en-US"}]}},"_links":{"self":[{"href":"https:\/\/www.isaevents.it\/en\/wp-json\/wp\/v2\/pages\/8183","targetHints":{"allow":["GET"]}}],"collection":[{"href":"https:\/\/www.isaevents.it\/en\/wp-json\/wp\/v2\/pages"}],"about":[{"href":"https:\/\/www.isaevents.it\/en\/wp-json\/wp\/v2\/types\/page"}],"author":[{"embeddable":true,"href":"https:\/\/www.isaevents.it\/en\/wp-json\/wp\/v2\/users\/1"}],"replies":[{"embeddable":true,"href":"https:\/\/www.isaevents.it\/en\/wp-json\/wp\/v2\/comments?post=8183"}],"version-history":[{"count":2,"href":"https:\/\/www.isaevents.it\/en\/wp-json\/wp\/v2\/pages\/8183\/revisions"}],"predecessor-version":[{"id":8186,"href":"https:\/\/www.isaevents.it\/en\/wp-json\/wp\/v2\/pages\/8183\/revisions\/8186"}],"wp:attachment":[{"href":"https:\/\/www.isaevents.it\/en\/wp-json\/wp\/v2\/media?parent=8183"}],"curies":[{"name":"wp","href":"https:\/\/api.w.org\/{rel}","templated":true}]}}